{"id":13,"date":"2023-10-28T09:29:38","date_gmt":"2023-10-28T09:29:38","guid":{"rendered":"https:\/\/stepbystepbizerte.com\/?page_id=13"},"modified":"2024-01-17T22:30:53","modified_gmt":"2024-01-17T21:30:53","slug":"home","status":"publish","type":"page","link":"https:\/\/stepbystepbizerte.com\/","title":{"rendered":"Acceuil"},"content":{"rendered":"\t\t<div data-elementor-type=\"wp-page\" data-elementor-id=\"13\" class=\"elementor elementor-13\">\n\t\t\t\t\t\t\t<div class=\"elementor-element elementor-element-9d41afa e-flex e-con-boxed e-con e-parent\" data-id=\"9d41afa\" data-element_type=\"container\" data-settings=\"{&quot;content_width&quot;:&quot;boxed&quot;}\" data-core-v316-plus=\"true\">\n\t\t\t\t\t<div class=\"e-con-inner\">\n\t\t\t\t<div class=\"elementor-element elementor-element-71cae70 elementor-widget elementor-widget-text-editor\" data-id=\"71cae70\" data-element_type=\"widget\" data-widget_type=\"text-editor.default\">\n\t\t\t\t<div class=\"elementor-widget-container\">\n\t\t\t<style>\/*! elementor - v3.17.0 - 25-10-2023 *\/\n.elementor-widget-text-editor.elementor-drop-cap-view-stacked .elementor-drop-cap{background-color:#69727d;color:#fff}.elementor-widget-text-editor.elementor-drop-cap-view-framed .elementor-drop-cap{color:#69727d;border:3px solid;background-color:transparent}.elementor-widget-text-editor:not(.elementor-drop-cap-view-default) .elementor-drop-cap{margin-top:8px}.elementor-widget-text-editor:not(.elementor-drop-cap-view-default) .elementor-drop-cap-letter{width:1em;height:1em}.elementor-widget-text-editor .elementor-drop-cap{float:left;text-align:center;line-height:1;font-size:50px}.elementor-widget-text-editor .elementor-drop-cap-letter{display:inline-block}<\/style>\t\t\t\t<p><strong><span style=\"color: #ffffff;\">Bienvenue sur Step By Step Bizerte. Gr\u00e2ce \u00e0 ce site, vous avez la possibilit\u00e9 de r\u00e9server votre s\u00e9ance et de s\u00e9lectionner les mati\u00e8res que vous souhaitez \u00e9tudier. Nous vous offrons cette nouvelle opportunit\u00e9 afin de rem\u00e9dier \u00e0 vos points faibles et surmonter vos lacunes<\/span><\/strong><\/p>\t\t\t\t\t\t<\/div>\n\t\t\t\t<\/div>\n\t\t\t\t<div class=\"elementor-element elementor-element-9eb184e elementor-align-center elementor-widget elementor-widget-button\" data-id=\"9eb184e\" data-element_type=\"widget\" data-widget_type=\"button.default\">\n\t\t\t\t<div class=\"elementor-widget-container\">\n\t\t\t\t\t<div class=\"elementor-button-wrapper\">\n\t\t\t<a class=\"elementor-button elementor-button-link elementor-size-md\" href=\"https:\/\/stepbystepbizerte.com\/index.php\/commencer\/\">\n\t\t\t\t\t\t<span class=\"elementor-button-content-wrapper\">\n\t\t\t\t\t\t<span class=\"elementor-button-text\">Commencer<\/span>\n\t\t<\/span>\n\t\t\t\t\t<\/a>\n\t\t<\/div>\n\t\t\t\t<\/div>\n\t\t\t\t<\/div>\n\t\t\t\t\t<\/div>\n\t\t\t\t<\/div>\n\t\t\t\t\t\t\t<\/div>\n\t\t","protected":false},"excerpt":{"rendered":"<p>Bienvenue sur Step By Step Bizerte. Gr\u00e2ce \u00e0 ce site, vous avez la possibilit\u00e9 de r\u00e9server votre s\u00e9ance et de s\u00e9lectionner les mati\u00e8res que vous souhaitez \u00e9tudier. Nous vous offrons cette nouvelle opportunit\u00e9 afin de rem\u00e9dier \u00e0 vos points faibles et surmonter vos lacunes Commencer<\/p>\n","protected":false},"author":1,"featured_media":0,"parent":0,"menu_order":0,"comment_status":"closed","ping_status":"closed","template":"","meta":{"footnotes":""},"_links":{"self":[{"href":"https:\/\/stepbystepbizerte.com\/index.php\/wp-json\/wp\/v2\/pages\/13"}],"collection":[{"href":"https:\/\/stepbystepbizerte.com\/index.php\/wp-json\/wp\/v2\/pages"}],"about":[{"href":"https:\/\/stepbystepbizerte.com\/index.php\/wp-json\/wp\/v2\/types\/page"}],"author":[{"embeddable":true,"href":"https:\/\/stepbystepbizerte.com\/index.php\/wp-json\/wp\/v2\/users\/1"}],"replies":[{"embeddable":true,"href":"https:\/\/stepbystepbizerte.com\/index.php\/wp-json\/wp\/v2\/comments?post=13"}],"version-history":[{"count":17,"href":"https:\/\/stepbystepbizerte.com\/index.php\/wp-json\/wp\/v2\/pages\/13\/revisions"}],"predecessor-version":[{"id":596,"href":"https:\/\/stepbystepbizerte.com\/index.php\/wp-json\/wp\/v2\/pages\/13\/revisions\/596"}],"wp:attachment":[{"href":"https:\/\/stepbystepbizerte.com\/index.php\/wp-json\/wp\/v2\/media?parent=13"}],"curies":[{"name":"wp","href":"https:\/\/api.w.org\/{rel}","templated":true}]}}