{"id":14,"date":"2023-10-28T09:29:38","date_gmt":"2023-10-28T09:29:38","guid":{"rendered":"https:\/\/stepbystepbizerte.com\/?page_id=14"},"modified":"2024-01-17T22:31:44","modified_gmt":"2024-01-17T21:31:44","slug":"a-propos","status":"publish","type":"page","link":"https:\/\/stepbystepbizerte.com\/index.php\/a-propos\/","title":{"rendered":"A propos"},"content":{"rendered":"\t\t<div data-elementor-type=\"wp-page\" data-elementor-id=\"14\" class=\"elementor elementor-14\">\n\t\t\t\t\t\t\t<div class=\"elementor-element elementor-element-30a586fe e-flex e-con-boxed e-con e-parent\" data-id=\"30a586fe\" data-element_type=\"container\" data-settings=\"{&quot;content_width&quot;:&quot;boxed&quot;}\" data-core-v316-plus=\"true\">\n\t\t\t\t\t<div class=\"e-con-inner\">\n\t\t\t\t<div class=\"elementor-element elementor-element-3898f5bc elementor-widget elementor-widget-text-editor\" data-id=\"3898f5bc\" data-element_type=\"widget\" data-widget_type=\"text-editor.default\">\n\t\t\t\t<div class=\"elementor-widget-container\">\n\t\t\t<style>\/*! elementor - v3.17.0 - 25-10-2023 *\/\n.elementor-widget-text-editor.elementor-drop-cap-view-stacked .elementor-drop-cap{background-color:#69727d;color:#fff}.elementor-widget-text-editor.elementor-drop-cap-view-framed .elementor-drop-cap{color:#69727d;border:3px solid;background-color:transparent}.elementor-widget-text-editor:not(.elementor-drop-cap-view-default) .elementor-drop-cap{margin-top:8px}.elementor-widget-text-editor:not(.elementor-drop-cap-view-default) .elementor-drop-cap-letter{width:1em;height:1em}.elementor-widget-text-editor .elementor-drop-cap{float:left;text-align:center;line-height:1;font-size:50px}.elementor-widget-text-editor .elementor-drop-cap-letter{display:inline-block}<\/style>\t\t\t\t<p><strong><span style=\"color: #ffffff;\">La premi\u00e8re institution l\u00e9gale de cours particuliers en Tunisie, fond\u00e9e en 2016, constitue une source de grande fiert\u00e9. Depuis sa cr\u00e9ation, nous nous engageons \u00e0 fournir un enseignement de qualit\u00e9, encourageant l&rsquo;\u00e9panouissement intellectuel et ouvrant de nouvelles perspectives pour l&rsquo;excellence \u00e9ducative dans notre pays. Ensemble, nous contribuons \u00e0 une avanc\u00e9e significative b\u00e9n\u00e9fique pour tous.<\/span><\/strong><\/p>\t\t\t\t\t\t<\/div>\n\t\t\t\t<\/div>\n\t\t\t\t\t<\/div>\n\t\t\t\t<\/div>\n\t\t\t\t\t\t\t<\/div>\n\t\t","protected":false},"excerpt":{"rendered":"<p>La premi\u00e8re institution l\u00e9gale de cours particuliers en Tunisie, fond\u00e9e en 2016, constitue une source de grande fiert\u00e9. Depuis sa cr\u00e9ation, nous nous engageons \u00e0 fournir un enseignement de qualit\u00e9, encourageant l&rsquo;\u00e9panouissement intellectuel et ouvrant de nouvelles perspectives pour l&rsquo;excellence \u00e9ducative dans notre pays. Ensemble, nous contribuons \u00e0 une avanc\u00e9e significative b\u00e9n\u00e9fique pour tous.<\/p>\n","protected":false},"author":1,"featured_media":45,"parent":0,"menu_order":0,"comment_status":"closed","ping_status":"closed","template":"","meta":{"footnotes":""},"_links":{"self":[{"href":"https:\/\/stepbystepbizerte.com\/index.php\/wp-json\/wp\/v2\/pages\/14"}],"collection":[{"href":"https:\/\/stepbystepbizerte.com\/index.php\/wp-json\/wp\/v2\/pages"}],"about":[{"href":"https:\/\/stepbystepbizerte.com\/index.php\/wp-json\/wp\/v2\/types\/page"}],"author":[{"embeddable":true,"href":"https:\/\/stepbystepbizerte.com\/index.php\/wp-json\/wp\/v2\/users\/1"}],"replies":[{"embeddable":true,"href":"https:\/\/stepbystepbizerte.com\/index.php\/wp-json\/wp\/v2\/comments?post=14"}],"version-history":[{"count":17,"href":"https:\/\/stepbystepbizerte.com\/index.php\/wp-json\/wp\/v2\/pages\/14\/revisions"}],"predecessor-version":[{"id":602,"href":"https:\/\/stepbystepbizerte.com\/index.php\/wp-json\/wp\/v2\/pages\/14\/revisions\/602"}],"wp:featuredmedia":[{"embeddable":true,"href":"https:\/\/stepbystepbizerte.com\/index.php\/wp-json\/wp\/v2\/media\/45"}],"wp:attachment":[{"href":"https:\/\/stepbystepbizerte.com\/index.php\/wp-json\/wp\/v2\/media?parent=14"}],"curies":[{"name":"wp","href":"https:\/\/api.w.org\/{rel}","templated":true}]}}