{"id":15,"date":"2023-10-28T09:29:38","date_gmt":"2023-10-28T09:29:38","guid":{"rendered":"https:\/\/stepbystepbizerte.com\/?page_id=15"},"modified":"2023-10-28T11:44:21","modified_gmt":"2023-10-28T11:44:21","slug":"contactez-nous","status":"publish","type":"page","link":"https:\/\/stepbystepbizerte.com\/index.php\/contactez-nous\/","title":{"rendered":"Contactez-nous"},"content":{"rendered":"\n<h6 class=\"wp-block-heading\">EMAIL<\/h6>\n\n\n\n<p>stepbystepbizerte@gmail.com<\/p>\n\n\n\n<h6 class=\"wp-block-heading\">NUM\u00c9RO DE T\u00c9L\u00c9PHONE<\/h6>\n\n\n\n<p>96 540 444<\/p>\n\n\n\n<h6 class=\"wp-block-heading\">ADDRESS<\/h6>\n\n\n\n<p>Rue Ali Galai, Bizerte, Tunisia, 7000<\/p>\n","protected":false},"excerpt":{"rendered":"<p>EMAIL stepbystepbizerte@gmail.com NUM\u00c9RO DE T\u00c9L\u00c9PHONE 96 540 444 ADDRESS Rue Ali Galai, Bizerte, Tunisia, 7000<\/p>\n","protected":false},"author":1,"featured_media":58,"parent":0,"menu_order":0,"comment_status":"closed","ping_status":"closed","template":"","meta":{"footnotes":""},"_links":{"self":[{"href":"https:\/\/stepbystepbizerte.com\/index.php\/wp-json\/wp\/v2\/pages\/15"}],"collection":[{"href":"https:\/\/stepbystepbizerte.com\/index.php\/wp-json\/wp\/v2\/pages"}],"about":[{"href":"https:\/\/stepbystepbizerte.com\/index.php\/wp-json\/wp\/v2\/types\/page"}],"author":[{"embeddable":true,"href":"https:\/\/stepbystepbizerte.com\/index.php\/wp-json\/wp\/v2\/users\/1"}],"replies":[{"embeddable":true,"href":"https:\/\/stepbystepbizerte.com\/index.php\/wp-json\/wp\/v2\/comments?post=15"}],"version-history":[{"count":3,"href":"https:\/\/stepbystepbizerte.com\/index.php\/wp-json\/wp\/v2\/pages\/15\/revisions"}],"predecessor-version":[{"id":105,"href":"https:\/\/stepbystepbizerte.com\/index.php\/wp-json\/wp\/v2\/pages\/15\/revisions\/105"}],"wp:featuredmedia":[{"embeddable":true,"href":"https:\/\/stepbystepbizerte.com\/index.php\/wp-json\/wp\/v2\/media\/58"}],"wp:attachment":[{"href":"https:\/\/stepbystepbizerte.com\/index.php\/wp-json\/wp\/v2\/media?parent=15"}],"curies":[{"name":"wp","href":"https:\/\/api.w.org\/{rel}","templated":true}]}}