{"id":426,"date":"2023-11-19T18:22:38","date_gmt":"2023-11-19T18:22:38","guid":{"rendered":"https:\/\/stepbystepbizerte.com\/?page_id=426"},"modified":"2023-11-20T19:45:45","modified_gmt":"2023-11-20T19:45:45","slug":"commencer","status":"publish","type":"page","link":"https:\/\/stepbystepbizerte.com\/index.php\/commencer\/","title":{"rendered":"Commencer"},"content":{"rendered":"\t\t<div data-elementor-type=\"wp-page\" data-elementor-id=\"426\" class=\"elementor elementor-426\">\n\t\t\t\t\t\t\t<div class=\"elementor-element elementor-element-04ddacc e-flex e-con-boxed e-con e-parent\" data-id=\"04ddacc\" data-element_type=\"container\" data-settings=\"{&quot;content_width&quot;:&quot;boxed&quot;}\" data-core-v316-plus=\"true\">\n\t\t\t\t\t<div class=\"e-con-inner\">\n\t\t<div class=\"elementor-element elementor-element-c70daa1 e-con-full e-flex e-con e-child\" data-id=\"c70daa1\" data-element_type=\"container\" data-settings=\"{&quot;content_width&quot;:&quot;full&quot;}\">\n\t\t\t\t<div class=\"elementor-element elementor-element-c4bc995 elementor-widget elementor-widget-text-editor\" data-id=\"c4bc995\" data-element_type=\"widget\" data-widget_type=\"text-editor.default\">\n\t\t\t\t<div class=\"elementor-widget-container\">\n\t\t\t<style>\/*! elementor - v3.17.0 - 25-10-2023 *\/\n.elementor-widget-text-editor.elementor-drop-cap-view-stacked .elementor-drop-cap{background-color:#69727d;color:#fff}.elementor-widget-text-editor.elementor-drop-cap-view-framed .elementor-drop-cap{color:#69727d;border:3px solid;background-color:transparent}.elementor-widget-text-editor:not(.elementor-drop-cap-view-default) .elementor-drop-cap{margin-top:8px}.elementor-widget-text-editor:not(.elementor-drop-cap-view-default) .elementor-drop-cap-letter{width:1em;height:1em}.elementor-widget-text-editor .elementor-drop-cap{float:left;text-align:center;line-height:1;font-size:50px}.elementor-widget-text-editor .elementor-drop-cap-letter{display:inline-block}<\/style>\t\t\t\t<h1>\u00a0<\/h1><h1 style=\"text-align: center;\"><span style=\"color: #ffffff;\"><strong>Cliquer sur<\/strong><strong>\u00ab\u00a0Recherche <\/strong><strong>S\u00e9ance\u00a0\u00bb dans le menu du haut<\/strong><\/span><\/h1>\t\t\t\t\t\t<\/div>\n\t\t\t\t<\/div>\n\t\t\t\t<\/div>\n\t\t<div class=\"elementor-element elementor-element-df02a83 e-con-full e-flex e-con e-child\" data-id=\"df02a83\" data-element_type=\"container\" data-settings=\"{&quot;content_width&quot;:&quot;full&quot;}\">\n\t\t\t\t<div class=\"elementor-element elementor-element-739f360 elementor-widget elementor-widget-image\" data-id=\"739f360\" data-element_type=\"widget\" data-widget_type=\"image.default\">\n\t\t\t\t<div class=\"elementor-widget-container\">\n\t\t\t<style>\/*! elementor - v3.17.0 - 25-10-2023 *\/\n.elementor-widget-image{text-align:center}.elementor-widget-image a{display:inline-block}.elementor-widget-image a img[src$=\".svg\"]{width:48px}.elementor-widget-image img{vertical-align:middle;display:inline-block}<\/style>\t\t\t\t\t\t\t\t\t\t\t\t<img fetchpriority=\"high\" decoding=\"async\" width=\"525\" height=\"394\" src=\"https:\/\/stepbystepbizerte.com\/wp-content\/uploads\/2023\/11\/1-768x576.png\" class=\"attachment-medium_large size-medium_large wp-image-430\" alt=\"\" srcset=\"https:\/\/stepbystepbizerte.com\/wp-content\/uploads\/2023\/11\/1-768x576.png 768w, https:\/\/stepbystepbizerte.com\/wp-content\/uploads\/2023\/11\/1-300x225.png 300w, https:\/\/stepbystepbizerte.com\/wp-content\/uploads\/2023\/11\/1-1024x768.png 1024w, https:\/\/stepbystepbizerte.com\/wp-content\/uploads\/2023\/11\/1.png 1200w\" sizes=\"100vw\" \/>\t\t\t\t\t\t\t\t\t\t\t\t\t\t\t<\/div>\n\t\t\t\t<\/div>\n\t\t\t\t<\/div>\n\t\t\t\t\t<\/div>\n\t\t\t\t<\/div>\n\t\t<div class=\"elementor-element elementor-element-07fe874 e-flex e-con-boxed e-con e-parent\" data-id=\"07fe874\" data-element_type=\"container\" data-settings=\"{&quot;content_width&quot;:&quot;boxed&quot;}\" data-core-v316-plus=\"true\">\n\t\t\t\t\t<div class=\"e-con-inner\">\n\t\t<div class=\"elementor-element elementor-element-7d7556d e-flex e-con-boxed e-con e-child\" data-id=\"7d7556d\" data-element_type=\"container\" data-settings=\"{&quot;content_width&quot;:&quot;boxed&quot;}\">\n\t\t\t\t\t<div class=\"e-con-inner\">\n\t\t<div class=\"elementor-element elementor-element-2854d88 e-con-full e-flex e-con e-child\" data-id=\"2854d88\" data-element_type=\"container\" data-settings=\"{&quot;content_width&quot;:&quot;full&quot;}\">\n\t\t\t\t<div class=\"elementor-element elementor-element-8961d6a elementor-widget elementor-widget-image\" data-id=\"8961d6a\" data-element_type=\"widget\" data-widget_type=\"image.default\">\n\t\t\t\t<div class=\"elementor-widget-container\">\n\t\t\t\t\t\t\t\t\t\t\t\t\t\t\t<img decoding=\"async\" width=\"525\" height=\"394\" src=\"https:\/\/stepbystepbizerte.com\/wp-content\/uploads\/2023\/11\/2-1-768x576.png\" class=\"attachment-medium_large size-medium_large wp-image-442\" alt=\"\" srcset=\"https:\/\/stepbystepbizerte.com\/wp-content\/uploads\/2023\/11\/2-1-768x576.png 768w, https:\/\/stepbystepbizerte.com\/wp-content\/uploads\/2023\/11\/2-1-300x225.png 300w, https:\/\/stepbystepbizerte.com\/wp-content\/uploads\/2023\/11\/2-1-1024x768.png 1024w, https:\/\/stepbystepbizerte.com\/wp-content\/uploads\/2023\/11\/2-1.png 1200w\" sizes=\"100vw\" \/>\t\t\t\t\t\t\t\t\t\t\t\t\t\t\t<\/div>\n\t\t\t\t<\/div>\n\t\t\t\t<\/div>\n\t\t<div class=\"elementor-element elementor-element-9ffd6de e-con-full e-flex e-con e-child\" data-id=\"9ffd6de\" data-element_type=\"container\" data-settings=\"{&quot;content_width&quot;:&quot;full&quot;}\">\n\t\t\t\t<div class=\"elementor-element elementor-element-41bc2c2 elementor-widget elementor-widget-text-editor\" data-id=\"41bc2c2\" data-element_type=\"widget\" data-widget_type=\"text-editor.default\">\n\t\t\t\t<div class=\"elementor-widget-container\">\n\t\t\t\t\t\t\t<h1>\u00a0<\/h1><h1 style=\"text-align: center;\"><span style=\"color: #ffffff;\"><strong>Choisissez \u00ab\u00a0Sujet\u00a0\u00bb et \u00ab\u00a0Ann\u00e9e\u00a0\u00bb puis appuyez sur Rechercher<\/strong><\/span><\/h1>\t\t\t\t\t\t<\/div>\n\t\t\t\t<\/div>\n\t\t\t\t<\/div>\n\t\t\t\t\t<\/div>\n\t\t\t\t<\/div>\n\t\t\t\t\t<\/div>\n\t\t\t\t<\/div>\n\t\t<div class=\"elementor-element elementor-element-66672c4 e-flex e-con-boxed e-con e-parent\" data-id=\"66672c4\" data-element_type=\"container\" data-settings=\"{&quot;content_width&quot;:&quot;boxed&quot;}\" data-core-v316-plus=\"true\">\n\t\t\t\t\t<div class=\"e-con-inner\">\n\t\t<div class=\"elementor-element elementor-element-74ec473 e-con-full e-flex e-con e-child\" data-id=\"74ec473\" data-element_type=\"container\" data-settings=\"{&quot;content_width&quot;:&quot;full&quot;}\">\n\t\t\t\t<div class=\"elementor-element elementor-element-876ad32 elementor-widget elementor-widget-text-editor\" data-id=\"876ad32\" data-element_type=\"widget\" data-widget_type=\"text-editor.default\">\n\t\t\t\t<div class=\"elementor-widget-container\">\n\t\t\t\t\t\t\t<h1>\u00a0<\/h1><h1 style=\"text-align: center;\"><strong><span style=\"color: #ffffff;\">Choisissez le bouton qui appara\u00eetra<\/span><\/strong><\/h1>\t\t\t\t\t\t<\/div>\n\t\t\t\t<\/div>\n\t\t\t\t<\/div>\n\t\t<div class=\"elementor-element elementor-element-c31ae06 e-con-full e-flex e-con e-child\" data-id=\"c31ae06\" data-element_type=\"container\" data-settings=\"{&quot;content_width&quot;:&quot;full&quot;}\">\n\t\t\t\t<div class=\"elementor-element elementor-element-eac3a15 elementor-widget elementor-widget-image\" data-id=\"eac3a15\" data-element_type=\"widget\" data-widget_type=\"image.default\">\n\t\t\t\t<div class=\"elementor-widget-container\">\n\t\t\t\t\t\t\t\t\t\t\t\t\t\t\t<img decoding=\"async\" width=\"525\" height=\"394\" src=\"https:\/\/stepbystepbizerte.com\/wp-content\/uploads\/2023\/11\/3-768x576.png\" class=\"attachment-medium_large size-medium_large wp-image-443\" alt=\"\" srcset=\"https:\/\/stepbystepbizerte.com\/wp-content\/uploads\/2023\/11\/3-768x576.png 768w, https:\/\/stepbystepbizerte.com\/wp-content\/uploads\/2023\/11\/3-300x225.png 300w, https:\/\/stepbystepbizerte.com\/wp-content\/uploads\/2023\/11\/3-1024x768.png 1024w, https:\/\/stepbystepbizerte.com\/wp-content\/uploads\/2023\/11\/3.png 1200w\" sizes=\"100vw\" \/>\t\t\t\t\t\t\t\t\t\t\t\t\t\t\t<\/div>\n\t\t\t\t<\/div>\n\t\t\t\t<\/div>\n\t\t\t\t\t<\/div>\n\t\t\t\t<\/div>\n\t\t<div class=\"elementor-element elementor-element-51cb59d e-flex e-con-boxed e-con e-parent\" data-id=\"51cb59d\" data-element_type=\"container\" data-settings=\"{&quot;content_width&quot;:&quot;boxed&quot;}\" data-core-v316-plus=\"true\">\n\t\t\t\t\t<div class=\"e-con-inner\">\n\t\t<div class=\"elementor-element elementor-element-92e636d e-flex e-con-boxed e-con e-child\" data-id=\"92e636d\" data-element_type=\"container\" data-settings=\"{&quot;content_width&quot;:&quot;boxed&quot;}\">\n\t\t\t\t\t<div class=\"e-con-inner\">\n\t\t<div class=\"elementor-element elementor-element-6c831b5 e-con-full e-flex e-con e-child\" data-id=\"6c831b5\" data-element_type=\"container\" data-settings=\"{&quot;content_width&quot;:&quot;full&quot;}\">\n\t\t\t\t<div class=\"elementor-element elementor-element-b50fde9 elementor-widget elementor-widget-image\" data-id=\"b50fde9\" data-element_type=\"widget\" data-widget_type=\"image.default\">\n\t\t\t\t<div class=\"elementor-widget-container\">\n\t\t\t\t\t\t\t\t\t\t\t\t\t\t\t<img loading=\"lazy\" decoding=\"async\" width=\"525\" height=\"394\" src=\"https:\/\/stepbystepbizerte.com\/wp-content\/uploads\/2023\/11\/4-768x576.png\" class=\"attachment-medium_large size-medium_large wp-image-447\" alt=\"\" srcset=\"https:\/\/stepbystepbizerte.com\/wp-content\/uploads\/2023\/11\/4-768x576.png 768w, https:\/\/stepbystepbizerte.com\/wp-content\/uploads\/2023\/11\/4-300x225.png 300w, https:\/\/stepbystepbizerte.com\/wp-content\/uploads\/2023\/11\/4-1024x768.png 1024w, https:\/\/stepbystepbizerte.com\/wp-content\/uploads\/2023\/11\/4.png 1200w\" sizes=\"100vw\" \/>\t\t\t\t\t\t\t\t\t\t\t\t\t\t\t<\/div>\n\t\t\t\t<\/div>\n\t\t\t\t<\/div>\n\t\t<div class=\"elementor-element elementor-element-1bde838 e-con-full e-flex e-con e-child\" data-id=\"1bde838\" data-element_type=\"container\" data-settings=\"{&quot;content_width&quot;:&quot;full&quot;}\">\n\t\t\t\t<div class=\"elementor-element elementor-element-6483639 elementor-widget elementor-widget-text-editor\" data-id=\"6483639\" data-element_type=\"widget\" data-widget_type=\"text-editor.default\">\n\t\t\t\t<div class=\"elementor-widget-container\">\n\t\t\t\t\t\t\t<h1 style=\"text-align: center;\"><span style=\"color: #ffffff;\"><strong>Choisissez une heure<\/strong><\/span><span style=\"color: #ffffff;\"><strong> \u00ab\u00a0disponible\u00a0\u00bb dans le tableau pour demander la s\u00e9ance Rechercher<\/strong><\/span><\/h1>\t\t\t\t\t\t<\/div>\n\t\t\t\t<\/div>\n\t\t\t\t<\/div>\n\t\t\t\t\t<\/div>\n\t\t\t\t<\/div>\n\t\t\t\t\t<\/div>\n\t\t\t\t<\/div>\n\t\t<div class=\"elementor-element elementor-element-3eadc4f e-flex e-con-boxed e-con e-parent\" data-id=\"3eadc4f\" data-element_type=\"container\" data-settings=\"{&quot;content_width&quot;:&quot;boxed&quot;}\" data-core-v316-plus=\"true\">\n\t\t\t\t\t<div class=\"e-con-inner\">\n\t\t<div class=\"elementor-element elementor-element-fba0529 e-con-full e-flex e-con e-child\" data-id=\"fba0529\" data-element_type=\"container\" data-settings=\"{&quot;content_width&quot;:&quot;full&quot;}\">\n\t\t\t\t<div class=\"elementor-element elementor-element-e5bdbe4 elementor-widget elementor-widget-text-editor\" data-id=\"e5bdbe4\" data-element_type=\"widget\" data-widget_type=\"text-editor.default\">\n\t\t\t\t<div class=\"elementor-widget-container\">\n\t\t\t\t\t\t\t<h1 style=\"text-align: center;\"><strong><span style=\"color: #ffffff;\">\u00c9crivez votre Num\u00e9ro, Nom et Chapitre puis cliquez sur \u00ab\u00a0Envoyer\u00a0\u00bb<\/span><\/strong><\/h1>\t\t\t\t\t\t<\/div>\n\t\t\t\t<\/div>\n\t\t\t\t<\/div>\n\t\t<div class=\"elementor-element elementor-element-018a5a3 e-con-full e-flex e-con e-child\" data-id=\"018a5a3\" data-element_type=\"container\" data-settings=\"{&quot;content_width&quot;:&quot;full&quot;}\">\n\t\t\t\t<div class=\"elementor-element elementor-element-6a73b71 elementor-widget elementor-widget-image\" data-id=\"6a73b71\" data-element_type=\"widget\" data-widget_type=\"image.default\">\n\t\t\t\t<div class=\"elementor-widget-container\">\n\t\t\t\t\t\t\t\t\t\t\t\t\t\t\t<img loading=\"lazy\" decoding=\"async\" width=\"525\" height=\"394\" src=\"https:\/\/stepbystepbizerte.com\/wp-content\/uploads\/2023\/11\/5-1-768x576.png\" class=\"attachment-medium_large size-medium_large wp-image-463\" alt=\"\" srcset=\"https:\/\/stepbystepbizerte.com\/wp-content\/uploads\/2023\/11\/5-1-768x576.png 768w, https:\/\/stepbystepbizerte.com\/wp-content\/uploads\/2023\/11\/5-1-300x225.png 300w, https:\/\/stepbystepbizerte.com\/wp-content\/uploads\/2023\/11\/5-1-1024x768.png 1024w, https:\/\/stepbystepbizerte.com\/wp-content\/uploads\/2023\/11\/5-1.png 1200w\" sizes=\"100vw\" \/>\t\t\t\t\t\t\t\t\t\t\t\t\t\t\t<\/div>\n\t\t\t\t<\/div>\n\t\t\t\t<\/div>\n\t\t\t\t\t<\/div>\n\t\t\t\t<\/div>\n\t\t<div class=\"elementor-element elementor-element-8ef57ad e-flex e-con-boxed e-con e-parent\" data-id=\"8ef57ad\" data-element_type=\"container\" data-settings=\"{&quot;content_width&quot;:&quot;boxed&quot;}\" data-core-v316-plus=\"true\">\n\t\t\t\t\t<div class=\"e-con-inner\">\n\t\t<div class=\"elementor-element elementor-element-eb14c7e e-flex e-con-boxed e-con e-child\" data-id=\"eb14c7e\" data-element_type=\"container\" data-settings=\"{&quot;content_width&quot;:&quot;boxed&quot;}\">\n\t\t\t\t\t<div class=\"e-con-inner\">\n\t\t<div class=\"elementor-element elementor-element-c489a74 e-con-full e-flex e-con e-child\" data-id=\"c489a74\" data-element_type=\"container\" data-settings=\"{&quot;content_width&quot;:&quot;full&quot;}\">\n\t\t\t\t<div class=\"elementor-element elementor-element-a3b7071 elementor-widget elementor-widget-image\" data-id=\"a3b7071\" data-element_type=\"widget\" data-widget_type=\"image.default\">\n\t\t\t\t<div class=\"elementor-widget-container\">\n\t\t\t\t\t\t\t\t\t\t\t\t\t\t\t<img loading=\"lazy\" decoding=\"async\" width=\"525\" height=\"394\" src=\"https:\/\/stepbystepbizerte.com\/wp-content\/uploads\/2023\/11\/6-768x576.png\" class=\"attachment-medium_large size-medium_large wp-image-450\" alt=\"\" srcset=\"https:\/\/stepbystepbizerte.com\/wp-content\/uploads\/2023\/11\/6-768x576.png 768w, https:\/\/stepbystepbizerte.com\/wp-content\/uploads\/2023\/11\/6-300x225.png 300w, https:\/\/stepbystepbizerte.com\/wp-content\/uploads\/2023\/11\/6-1024x768.png 1024w, https:\/\/stepbystepbizerte.com\/wp-content\/uploads\/2023\/11\/6.png 1200w\" sizes=\"100vw\" \/>\t\t\t\t\t\t\t\t\t\t\t\t\t\t\t<\/div>\n\t\t\t\t<\/div>\n\t\t\t\t<\/div>\n\t\t<div class=\"elementor-element elementor-element-3cbd50b e-con-full e-flex e-con e-child\" data-id=\"3cbd50b\" data-element_type=\"container\" data-settings=\"{&quot;content_width&quot;:&quot;full&quot;}\">\n\t\t\t\t<div class=\"elementor-element elementor-element-a04c487 elementor-widget elementor-widget-text-editor\" data-id=\"a04c487\" data-element_type=\"widget\" data-widget_type=\"text-editor.default\">\n\t\t\t\t<div class=\"elementor-widget-container\">\n\t\t\t\t\t\t\t<h1>\u00a0<\/h1><h1 style=\"text-align: center;\"><strong><span style=\"color: #ffffff;\">Si vous r\u00e9ussissez, vous serez redirig\u00e9 vers cette page<\/span><\/strong><\/h1>\t\t\t\t\t\t<\/div>\n\t\t\t\t<\/div>\n\t\t\t\t<\/div>\n\t\t\t\t\t<\/div>\n\t\t\t\t<\/div>\n\t\t\t\t\t<\/div>\n\t\t\t\t<\/div>\n\t\t<div class=\"elementor-element elementor-element-fdf6e8a e-flex e-con-boxed e-con e-parent\" data-id=\"fdf6e8a\" data-element_type=\"container\" data-settings=\"{&quot;content_width&quot;:&quot;boxed&quot;}\" data-core-v316-plus=\"true\">\n\t\t\t\t\t<div class=\"e-con-inner\">\n\t\t\t\t<div class=\"elementor-element elementor-element-fb043fa elementor-align-center elementor-widget elementor-widget-button\" data-id=\"fb043fa\" data-element_type=\"widget\" data-widget_type=\"button.default\">\n\t\t\t\t<div class=\"elementor-widget-container\">\n\t\t\t\t\t<div class=\"elementor-button-wrapper\">\n\t\t\t<a class=\"elementor-button elementor-button-link elementor-size-lg\" href=\"https:\/\/stepbystepbizerte.com\/index.php\/search\/\">\n\t\t\t\t\t\t<span class=\"elementor-button-content-wrapper\">\n\t\t\t\t\t\t<span class=\"elementor-button-text\">Recherche S\u00e9ance<\/span>\n\t\t<\/span>\n\t\t\t\t\t<\/a>\n\t\t<\/div>\n\t\t\t\t<\/div>\n\t\t\t\t<\/div>\n\t\t\t\t\t<\/div>\n\t\t\t\t<\/div>\n\t\t\t\t\t\t\t<\/div>\n\t\t","protected":false},"excerpt":{"rendered":"<p>\u00a0 Cliquer sur\u00ab\u00a0Recherche S\u00e9ance\u00a0\u00bb dans le menu du haut \u00a0 Choisissez \u00ab\u00a0Sujet\u00a0\u00bb et \u00ab\u00a0Ann\u00e9e\u00a0\u00bb puis appuyez sur Rechercher \u00a0 Choisissez le bouton qui appara\u00eetra Choisissez une heure \u00ab\u00a0disponible\u00a0\u00bb dans le tableau pour demander la s\u00e9ance Rechercher \u00c9crivez votre Num\u00e9ro, Nom et Chapitre puis cliquez sur \u00ab\u00a0Envoyer\u00a0\u00bb \u00a0 Si vous r\u00e9ussissez, vous serez redirig\u00e9 vers cette &hellip; <\/p>\n<p class=\"link-more\"><a href=\"https:\/\/stepbystepbizerte.com\/index.php\/commencer\/\" class=\"more-link\">Continuer la lecture<span class=\"screen-reader-text\"> de &laquo;&nbsp;Commencer&nbsp;&raquo;<\/span><\/a><\/p>\n","protected":false},"author":1,"featured_media":0,"parent":0,"menu_order":0,"comment_status":"closed","ping_status":"closed","template":"","meta":{"footnotes":""},"_links":{"self":[{"href":"https:\/\/stepbystepbizerte.com\/index.php\/wp-json\/wp\/v2\/pages\/426"}],"collection":[{"href":"https:\/\/stepbystepbizerte.com\/index.php\/wp-json\/wp\/v2\/pages"}],"about":[{"href":"https:\/\/stepbystepbizerte.com\/index.php\/wp-json\/wp\/v2\/types\/page"}],"author":[{"embeddable":true,"href":"https:\/\/stepbystepbizerte.com\/index.php\/wp-json\/wp\/v2\/users\/1"}],"replies":[{"embeddable":true,"href":"https:\/\/stepbystepbizerte.com\/index.php\/wp-json\/wp\/v2\/comments?post=426"}],"version-history":[{"count":25,"href":"https:\/\/stepbystepbizerte.com\/index.php\/wp-json\/wp\/v2\/pages\/426\/revisions"}],"predecessor-version":[{"id":473,"href":"https:\/\/stepbystepbizerte.com\/index.php\/wp-json\/wp\/v2\/pages\/426\/revisions\/473"}],"wp:attachment":[{"href":"https:\/\/stepbystepbizerte.com\/index.php\/wp-json\/wp\/v2\/media?parent=426"}],"curies":[{"name":"wp","href":"https:\/\/api.w.org\/{rel}","templated":true}]}}